{"id":10,"date":"2025-11-06T23:13:46","date_gmt":"2025-11-06T20:13:46","guid":{"rendered":"http:\/\/gulluoglunakliyat.com\/?page_id=10"},"modified":"2025-11-06T23:28:50","modified_gmt":"2025-11-06T20:28:50","slug":"giris","status":"publish","type":"page","link":"https:\/\/gulluoglunakliyat.com\/","title":{"rendered":"Akl\u0131n\u0131z kalmas\u0131n"},"content":{"rendered":"\n<p>Senelerdir edindi\u011fimiz tecr\u00fcbemizle evinizin e\u015fyalar\u0131n\u0131z\u0131 g\u00fcvenle, \u00f6zenle, garantili olarak ta\u015f\u0131yoruz.<\/p>\n\n\n\n<p><\/p>\n","protected":false},"excerpt":{"rendered":"<p>Senelerdir edindi\u011fimiz tecr\u00fcbemizle evinizin e\u015fyalar\u0131n\u0131z\u0131 g\u00fcvenle, \u00f6zenle, garantili olarak ta\u015f\u0131yoruz.<\/p>\n","protected":false},"author":1,"featured_media":0,"parent":0,"menu_order":0,"comment_status":"closed","ping_status":"closed","template":"","meta":{"footnotes":""},"class_list":["post-10","page","type-page","status-publish","hentry"],"_links":{"self":[{"href":"https:\/\/gulluoglunakliyat.com\/index.php\/wp-json\/wp\/v2\/pages\/10","targetHints":{"allow":["GET"]}}],"collection":[{"href":"https:\/\/gulluoglunakliyat.com\/index.php\/wp-json\/wp\/v2\/pages"}],"about":[{"href":"https:\/\/gulluoglunakliyat.com\/index.php\/wp-json\/wp\/v2\/types\/page"}],"author":[{"embeddable":true,"href":"https:\/\/gulluoglunakliyat.com\/index.php\/wp-json\/wp\/v2\/users\/1"}],"replies":[{"embeddable":true,"href":"https:\/\/gulluoglunakliyat.com\/index.php\/wp-json\/wp\/v2\/comments?post=10"}],"version-history":[{"count":2,"href":"https:\/\/gulluoglunakliyat.com\/index.php\/wp-json\/wp\/v2\/pages\/10\/revisions"}],"predecessor-version":[{"id":37,"href":"https:\/\/gulluoglunakliyat.com\/index.php\/wp-json\/wp\/v2\/pages\/10\/revisions\/37"}],"wp:attachment":[{"href":"https:\/\/gulluoglunakliyat.com\/index.php\/wp-json\/wp\/v2\/media?parent=10"}],"curies":[{"name":"wp","href":"https:\/\/api.w.org\/{rel}","templated":true}]}}