{"id":12,"date":"2025-11-06T23:13:46","date_gmt":"2025-11-06T20:13:46","guid":{"rendered":"http:\/\/gulluoglunakliyat.com\/?page_id=12"},"modified":"2025-12-30T12:59:43","modified_gmt":"2025-12-30T09:59:43","slug":"bize-ulasin","status":"publish","type":"page","link":"https:\/\/gulluoglunakliyat.com\/index.php\/bize-ulasin\/","title":{"rendered":"Bize ula\u015f\u0131n"},"content":{"rendered":"\n<p><strong>G\u00fcll\u00fco\u011flu Ev Ofis Ta\u015f\u0131ma &amp; Depolama<\/strong><\/p>\n\n\n\n<p>19 May\u0131s Mah. Sar\u0131 Kanarya Sk. D\u0131\u015f Kap\u0131 No: 11 Kozyata\u011f\u0131-Kad\u0131k\u00f6y\/\u0130stanbul<\/p>\n\n\n\n<p>+90 532 267 27 59<\/p>\n\n\n\n<p>+90 216 384 04 84 &#8211; 85<\/p>\n\n\n\n<p><\/p>\n","protected":false},"excerpt":{"rendered":"<p>G\u00fcll\u00fco\u011flu Ev Ofis Ta\u015f\u0131ma &amp; Depolama 19 May\u0131s Mah. Sar\u0131 Kanarya Sk. D\u0131\u015f Kap\u0131 No: 11 Kozyata\u011f\u0131-Kad\u0131k\u00f6y\/\u0130stanbul +90 532 267 27 59 +90 216 384 04 84 &#8211; 85<\/p>\n","protected":false},"author":1,"featured_media":50,"parent":0,"menu_order":0,"comment_status":"closed","ping_status":"closed","template":"","meta":{"footnotes":""},"class_list":["post-12","page","type-page","status-publish","has-post-thumbnail","hentry"],"_links":{"self":[{"href":"https:\/\/gulluoglunakliyat.com\/index.php\/wp-json\/wp\/v2\/pages\/12","targetHints":{"allow":["GET"]}}],"collection":[{"href":"https:\/\/gulluoglunakliyat.com\/index.php\/wp-json\/wp\/v2\/pages"}],"about":[{"href":"https:\/\/gulluoglunakliyat.com\/index.php\/wp-json\/wp\/v2\/types\/page"}],"author":[{"embeddable":true,"href":"https:\/\/gulluoglunakliyat.com\/index.php\/wp-json\/wp\/v2\/users\/1"}],"replies":[{"embeddable":true,"href":"https:\/\/gulluoglunakliyat.com\/index.php\/wp-json\/wp\/v2\/comments?post=12"}],"version-history":[{"count":3,"href":"https:\/\/gulluoglunakliyat.com\/index.php\/wp-json\/wp\/v2\/pages\/12\/revisions"}],"predecessor-version":[{"id":45,"href":"https:\/\/gulluoglunakliyat.com\/index.php\/wp-json\/wp\/v2\/pages\/12\/revisions\/45"}],"wp:featuredmedia":[{"embeddable":true,"href":"https:\/\/gulluoglunakliyat.com\/index.php\/wp-json\/wp\/v2\/media\/50"}],"wp:attachment":[{"href":"https:\/\/gulluoglunakliyat.com\/index.php\/wp-json\/wp\/v2\/media?parent=12"}],"curies":[{"name":"wp","href":"https:\/\/api.w.org\/{rel}","templated":true}]}}